{"id":10,"date":"2013-04-08T06:32:28","date_gmt":"2013-04-08T06:32:28","guid":{"rendered":"https:\/\/lions-amitie.lu\/?page_id=10"},"modified":"2025-01-31T15:12:37","modified_gmt":"2025-01-31T14:12:37","slug":"menu-2","status":"publish","type":"page","link":"https:\/\/lions-amitie.lu\/?page_id=10","title":{"rendered":"Shop"},"content":{"rendered":"\n<h1 class=\"wp-block-heading\"><strong>Cuv\u00e9e de l&#8217;Amiti\u00e9 : Vin Blanc Exceptionnel pour une Bonne Cause<\/strong><\/h1>\n\n\n\n<p><strong>Savourez et Soutenez :<\/strong> D\u00e9couvrez notre Pinot Gris 2023 (Ehnen Rousemen), issu du prestigieux domaine <a href=\"https:\/\/kohll.lu\/fr\/accueil\">Caves Kohll-Leuck<\/a> \u00e0 Ehnen. Cette septi\u00e8me \u00e9dition de notre \u00ab Cuv\u00e9e de l&#8217;Amiti\u00e9 \u00bb n&#8217;est pas qu&#8217;un d\u00e9lice pour les papilles, c&#8217;est aussi un geste de c\u0153ur.<\/p>\n\n\n\n<p><strong>Votre Achat a une Port\u00e9e Sociale :<\/strong> En choisissant ce vin, vous contribuez directement aux \u0153uvres sociales des Lions Clubs. Chaque bouteille vendue aide \u00e0 financer des projets solidaires, mariant le plaisir de la d\u00e9gustation \u00e0 l&#8217;engagement social.<\/p>\n\n\n\n<p><strong>Un Toast \u00e0 la Solidarit\u00e9 :<\/strong> Rejoignez notre communaut\u00e9 de d\u00e9gustateurs conscients. Avec chaque verre, c\u00e9l\u00e9brez l&#8217;amiti\u00e9 et le partage tout en faisant une diff\u00e9rence positive.<\/p>\n\n\n\n<p><strong>Participez \u00e0 cette cause noble :<\/strong> Offrez-vous ce vin d&#8217;exception et soyez acteur du changement social.<\/p>\n\n\n\n<div class=\"wp-block-buttons is-layout-flex wp-block-buttons-is-layout-flex\">\n<div class=\"wp-block-button aligncenter\"><a class=\"wp-block-button__link wp-element-button\" href=\"https:\/\/docs.google.com\/forms\/d\/e\/1FAIpQLSc7jxR6EOjyUg4qVtYxLZyHKhCN9IspKmLoZVYUOSQQSSnzZw\/viewform\" target=\"_blank\" rel=\"noreferrer noopener\">Bon de commande<\/a><\/div>\n<\/div>\n\n\n\n<figure class=\"wp-block-gallery has-nested-images columns-default is-cropped wp-block-gallery-1 is-layout-flex wp-block-gallery-is-layout-flex\">\n<figure class=\"wp-block-image size-large\"><a href=\"https:\/\/lions-amitie.lu\/wp-content\/uploads\/2024\/11\/DSC_1038-1.jpeg\"><img loading=\"lazy\" decoding=\"async\" width=\"682\" height=\"1024\" data-id=\"867\" src=\"https:\/\/lions-amitie.lu\/wp-content\/uploads\/2024\/11\/DSC_1038-1-682x1024.jpeg\" alt=\"\" class=\"wp-image-867\" srcset=\"https:\/\/lions-amitie.lu\/wp-content\/uploads\/2024\/11\/DSC_1038-1-682x1024.jpeg 682w, https:\/\/lions-amitie.lu\/wp-content\/uploads\/2024\/11\/DSC_1038-1-200x300.jpeg 200w, https:\/\/lions-amitie.lu\/wp-content\/uploads\/2024\/11\/DSC_1038-1-768x1152.jpeg 768w, https:\/\/lions-amitie.lu\/wp-content\/uploads\/2024\/11\/DSC_1038-1.jpeg 853w\" sizes=\"auto, (max-width: 682px) 100vw, 682px\" \/><\/a><\/figure>\n<\/figure>\n\n\n\n<figure class=\"wp-block-image size-large\"><a href=\"https:\/\/lions-amitie.lu\/wp-content\/uploads\/2024\/11\/IMG_1972-1-scaled.jpg\"><img loading=\"lazy\" decoding=\"async\" width=\"691\" height=\"1024\" src=\"https:\/\/lions-amitie.lu\/wp-content\/uploads\/2024\/11\/IMG_1972-1-691x1024.jpg\" alt=\"\" class=\"wp-image-866\" srcset=\"https:\/\/lions-amitie.lu\/wp-content\/uploads\/2024\/11\/IMG_1972-1-691x1024.jpg 691w, https:\/\/lions-amitie.lu\/wp-content\/uploads\/2024\/11\/IMG_1972-1-202x300.jpg 202w, https:\/\/lions-amitie.lu\/wp-content\/uploads\/2024\/11\/IMG_1972-1-768x1139.jpg 768w, https:\/\/lions-amitie.lu\/wp-content\/uploads\/2024\/11\/IMG_1972-1-1036x1536.jpg 1036w, https:\/\/lions-amitie.lu\/wp-content\/uploads\/2024\/11\/IMG_1972-1-1381x2048.jpg 1381w, https:\/\/lions-amitie.lu\/wp-content\/uploads\/2024\/11\/IMG_1972-1-scaled.jpg 1727w\" sizes=\"auto, (max-width: 691px) 100vw, 691px\" \/><\/a><\/figure>\n\n\n\n<p>D\u00e9couvrez le vigneron, leur terroir, leur tradition et leurs m\u00e9thodes viticoles sur leur site <a href=\"https:\/\/kohll.lu\/fr\/accueil\">Kholl-Leuck<\/a>  <a href=\"\"><\/a><\/p>\n\n\n<div class=\"text_exposed_show\">\u00a0<\/div>\n<h1>40 Ans d&#8217;Amiti\u00e9<\/h1>\n<p>Pour c\u00e9l\u00e9brer cet anniversaire le Lions Luxembourg-Amiti\u00e9 a publi\u00e9 une s\u00e9rie limit\u00e9 de lithographies, s\u00e9rigraphies et gravures (1976-2016)<\/p>\n<p>Vous pouvez t\u00e9l\u00e9charger le catalogue &#8220;40 ans de s\u00e9rigraphies&#8221; ici.<\/p>\n<p><a href=\"https:\/\/lions-amitie.lu\/wp-content\/uploads\/2016\/07\/LIONS_CLUB_Catalogue_40_ans_Serigraphies_WEB_Prod.pdf\">Catalogue S\u00e9rigraphies<\/a><\/p>\n<p><a href=\"https:\/\/lions-amitie.lu\/wp-content\/uploads\/2013\/04\/Cover-Se\u0301rigraphies.jpg\"><img loading=\"lazy\" decoding=\"async\" class=\"alignnone size-full wp-image-172\" src=\"https:\/\/lions-amitie.lu\/wp-content\/uploads\/2013\/04\/Cover-Se\u0301rigraphies.jpg\" alt=\"Cover-Se\u0301rigraphies\" width=\"420\" height=\"595\" srcset=\"https:\/\/lions-amitie.lu\/wp-content\/uploads\/2013\/04\/Cover-Se\u0301rigraphies.jpg 420w, https:\/\/lions-amitie.lu\/wp-content\/uploads\/2013\/04\/Cover-Se\u0301rigraphies-212x300.jpg 212w\" sizes=\"auto, (max-width: 420px) 100vw, 420px\" \/><\/a><\/p>\n<p><span class=\"d2edcug0 hpfvmrgz qv66sw1b c1et5uql oi732d6d ik7dh3pa fgxwclzu a8c37x1j keod5gw0 nxhoafnm aigsh9s9 d3f4x2em fe6kdd0r mau55g9w c8b282yb iv3no6db jq4qci2q a3bd9o3v knj5qynh oo9gr5id hzawbc8m\" dir=\"auto\"><span class=\"d2edcug0 hpfvmrgz qv66sw1b c1et5uql oi732d6d ik7dh3pa fgxwclzu jq4qci2q a3bd9o3v knj5qynh oo9gr5id\">Il ne reste que quelques derniers exemplaires &#8230; <br \/><\/span><\/span><\/p>\n<div dir=\"ltr\" data-setdir=\"false\">1.\u00a0\u00a0\u00a0\u00a01980 NICOLE KOCH-STEIN<\/div>\n<div dir=\"ltr\" data-setdir=\"false\">2.\u00a0 \u00a0 1982 HENRI KRAUS<\/div>\n<div dir=\"ltr\" data-setdir=\"false\">3.\u00a0 \u00a0 1985 MARC FRISING<\/div>\n<div dir=\"ltr\" data-setdir=\"false\">4.\u00a0 \u00a0 1995 MP TRAUDEN THILL<\/div>\n<div dir=\"ltr\" data-setdir=\"false\">5.\u00a0 \u00a0 1996 GAST MICHELS<\/div>\n<div dir=\"ltr\" data-setdir=\"false\">6.\u00a0 \u00a0 1997 ADOLPHE DEVILLE<\/div>\n<div dir=\"ltr\" data-setdir=\"false\">7.\u00a0 \u00a0 1998 RAYMOND WEILAND GERMINATION<\/div>\n<div dir=\"ltr\" data-setdir=\"false\">8.\u00a0 \u00a0 2000 PAUL ROETTGERS<\/div>\n<div dir=\"ltr\" data-setdir=\"false\">9.\u00a0 \u00a0 2002 DANY PRUM<\/div>\n<div dir=\"ltr\" data-setdir=\"false\">10.\u00a0 2003 JEANNE THEIN<\/div>\n<div dir=\"ltr\" data-setdir=\"false\">11.\u00a0 2004 RAYMOND WEILAND<\/div>\n<div dir=\"ltr\" data-setdir=\"false\">12.\u00a0 2005 MARTINE DENY<\/div>\n<div dir=\"ltr\" data-setdir=\"false\">13.\u00a0 2006 MORITZ NEY<\/div>\n<div dir=\"ltr\" data-setdir=\"false\">14.\u00a0 2007 NICO THURM<\/div>\n<div dir=\"ltr\" data-setdir=\"false\">15.\u00a0 2008 FERNAND RODA<\/div>\n<div dir=\"ltr\" data-setdir=\"false\">16.\u00a0 2009 RAPHAEL SPRINGER<\/div>\n<div dir=\"ltr\" data-setdir=\"false\">17.\u00a0 2010 TINA GILLEN<\/div>\n<div dir=\"ltr\" data-setdir=\"false\">18\u00a0\u00a0 2011 FERNAND BERTEMES<\/div>\n<div dir=\"ltr\" data-setdir=\"false\">19.\u00a0 2012 TOM FLICK<\/div>\n<div dir=\"ltr\" data-setdir=\"false\">20.\u00a0 2013\u00a0 FERNI RODESCH<\/div>\n<p><span class=\"d2edcug0 hpfvmrgz qv66sw1b c1et5uql oi732d6d ik7dh3pa fgxwclzu a8c37x1j keod5gw0 nxhoafnm aigsh9s9 d3f4x2em fe6kdd0r mau55g9w c8b282yb iv3no6db jq4qci2q a3bd9o3v knj5qynh oo9gr5id hzawbc8m\" dir=\"auto\"><span class=\"d2edcug0 hpfvmrgz qv66sw1b c1et5uql oi732d6d ik7dh3pa fgxwclzu jq4qci2q a3bd9o3v knj5qynh oo9gr5id\">Prix de vente sans cadre est \u20ac 150 (+ frais de livraison).<br \/><\/span><\/span><span class=\"d2edcug0 hpfvmrgz qv66sw1b c1et5uql oi732d6d ik7dh3pa fgxwclzu a8c37x1j keod5gw0 nxhoafnm aigsh9s9 d3f4x2em fe6kdd0r mau55g9w c8b282yb iv3no6db jq4qci2q a3bd9o3v knj5qynh oo9gr5id hzawbc8m\" dir=\"auto\"><span class=\"d2edcug0 hpfvmrgz qv66sw1b c1et5uql oi732d6d ik7dh3pa fgxwclzu jq4qci2q a3bd9o3v knj5qynh oo9gr5id\">Le montant sera int\u00e9gralement vers\u00e9 aux \u0153uvres sociales du club.<br \/>Pour commander, faites un mail\/sms \u00e0 Marc Hentgen (mhslux@gmail.com, +352691108101). <br \/><\/span><\/span><\/p>\n<p><strong>S\u00e9rigraphie Edition 1997<\/strong><br \/>&#8220;Germination&#8221;<br \/>par Adolphe DEVILLE<br \/>Format de feuille: 65&#215;50 cm<br \/>Format de la composition: 45&#215;38 cm<br \/>La s\u00e9rigraphie, \u00e9dit\u00e9e en 75 exemplaires num\u00e9rot\u00e9s et sign\u00e9s par l&#8217;artiste, a \u00e9t\u00e9 tir\u00e9e en 43 couleurs sur papier Arches 250 g\/m2 aux Editions PHI \u00e0 Herborn.<\/p>\n<p><a href=\"https:\/\/lions-amitie.lu\/wp-content\/uploads\/2013\/04\/Serographie1997.jpg\"><img loading=\"lazy\" decoding=\"async\" class=\"alignnone size-medium wp-image-46\" src=\"https:\/\/lions-amitie.lu\/wp-content\/uploads\/2013\/04\/Serographie1997-225x300.jpg\" alt=\"Serographie1997\" width=\"382\" height=\"501\" \/><\/a><\/p>\n<p><strong>S\u00e9rigraphie Edition 2004<\/strong><br \/>par Raymond WEILAND<br \/>Format de feuille: 50&#215;65 cm<br \/>Format de la composition: 40&#215;33 cm<br \/>La s\u00e9rigraphie, \u00e9dit\u00e9e en 75 exemplaires num\u00e9rot\u00e9s et sign\u00e9s par l&#8217;artiste, a \u00e9t\u00e9 tir\u00e9e en 7 couleurs sur papier Arches 250 g\/m2 \u00e0 l&#8217;Atelier de S\u00e9rigraphie &#8220;Redfox Press&#8221; (Ireland)<\/p>\n<p><a href=\"https:\/\/lions-amitie.lu\/wp-content\/uploads\/2013\/04\/serigraphie2004.jpg\"><img loading=\"lazy\" decoding=\"async\" class=\"alignnone size-medium wp-image-43\" src=\"https:\/\/lions-amitie.lu\/wp-content\/uploads\/2013\/04\/serigraphie2004-300x225.jpg\" alt=\"serigraphie2004\" width=\"525\" height=\"399\" \/><\/a><\/p>\n<p><strong>S\u00e9rigraphie Edition 2005<\/strong><br \/>par Martine DENY<br \/>Format de feuille: 50&#215;65 cm<br \/>Format de la composition: 45&#215;34 cm<br \/>La s\u00e9rigraphie, \u00e9dit\u00e9e en 105 exemplaires num\u00e9rot\u00e9s et sign\u00e9s par l&#8217;artiste, a \u00e9t\u00e9 tir\u00e9e en 23 couleurs sur papier Arches 250 g\/m2 \u00e0 l&#8217;Atelier de S\u00e9rigraphie &#8220;Eilenger Konschtwierk&#8221; ATP a.s.b.l.<\/p>\n<p><a href=\"https:\/\/lions-amitie.lu\/wp-content\/uploads\/2013\/04\/serigraphie2005.jpg\"><img loading=\"lazy\" decoding=\"async\" class=\"alignnone wp-image-44\" src=\"https:\/\/lions-amitie.lu\/wp-content\/uploads\/2013\/04\/serigraphie2005-225x300.jpg\" alt=\"serigraphie2005\" width=\"400\" height=\"530\" \/><\/a><\/p>\n\n\n<p><strong>S\u00e9rigraphie Edition 2006<\/strong><br>par Moritz NEY<br>Format de feuille: 50&#215;765 cm<br>Ouvre portant le nom &#8220;Schueberfouer&#8221; <\/p>\n\n\n<div class=\"wp-block-image is-resized\">\n<figure class=\"alignleft size-large\"><img loading=\"lazy\" decoding=\"async\" width=\"747\" height=\"1024\" src=\"https:\/\/lions-amitie.lu\/wp-content\/uploads\/2020\/11\/2006-Moritz-Ney-500-mm-x-765-mm.jpg\" alt=\"\" class=\"wp-image-505\" srcset=\"https:\/\/lions-amitie.lu\/wp-content\/uploads\/2020\/11\/2006-Moritz-Ney-500-mm-x-765-mm.jpg 747w, https:\/\/lions-amitie.lu\/wp-content\/uploads\/2020\/11\/2006-Moritz-Ney-500-mm-x-765-mm-219x300.jpg 219w\" sizes=\"auto, (max-width: 747px) 100vw, 747px\" \/><\/figure><\/div>\n\n\n<details class=\"wp-block-details is-layout-flow wp-block-details-is-layout-flow\"><summary><\/summary><\/details>\n","protected":false},"excerpt":{"rendered":"<p>Cuv\u00e9e de l&#8217;Amiti\u00e9 : Vin Blanc Exceptionnel pour une Bonne Cause Savourez et Soutenez : D\u00e9couvrez notre Pinot Gris 2023 (Ehnen Rousemen), issu du prestigieux domaine Caves Kohll-Leuck \u00e0 Ehnen. Cette septi\u00e8me \u00e9dition de notre \u00ab Cuv\u00e9e de l&#8217;Amiti\u00e9 \u00bb &hellip; <a href=\"https:\/\/lions-amitie.lu\/?page_id=10\">Continue reading <span class=\"meta-nav\">&rarr;<\/span><\/a><\/p>\n","protected":false},"author":1,"featured_media":0,"parent":0,"menu_order":0,"comment_status":"closed","ping_status":"closed","template":"","meta":{"footnotes":""},"class_list":["post-10","page","type-page","status-publish","hentry"],"_links":{"self":[{"href":"https:\/\/lions-amitie.lu\/index.php?rest_route=\/wp\/v2\/pages\/10","targetHints":{"allow":["GET"]}}],"collection":[{"href":"https:\/\/lions-amitie.lu\/index.php?rest_route=\/wp\/v2\/pages"}],"about":[{"href":"https:\/\/lions-amitie.lu\/index.php?rest_route=\/wp\/v2\/types\/page"}],"author":[{"embeddable":true,"href":"https:\/\/lions-amitie.lu\/index.php?rest_route=\/wp\/v2\/users\/1"}],"replies":[{"embeddable":true,"href":"https:\/\/lions-amitie.lu\/index.php?rest_route=%2Fwp%2Fv2%2Fcomments&post=10"}],"version-history":[{"count":21,"href":"https:\/\/lions-amitie.lu\/index.php?rest_route=\/wp\/v2\/pages\/10\/revisions"}],"predecessor-version":[{"id":906,"href":"https:\/\/lions-amitie.lu\/index.php?rest_route=\/wp\/v2\/pages\/10\/revisions\/906"}],"wp:attachment":[{"href":"https:\/\/lions-amitie.lu\/index.php?rest_route=%2Fwp%2Fv2%2Fmedia&parent=10"}],"curies":[{"name":"wp","href":"https:\/\/api.w.org\/{rel}","templated":true}]}}